{"id":128,"date":"2025-10-30T23:14:23","date_gmt":"2025-10-30T23:14:23","guid":{"rendered":"https:\/\/www.fosfatosdelpacifico.pe\/?page_id=128"},"modified":"2026-02-12T19:53:17","modified_gmt":"2026-02-12T19:53:17","slug":"inversionistas","status":"publish","type":"page","link":"https:\/\/www.fosfatosdelpacifico.pe\/en\/inversionistas\/","title":{"rendered":"Inverstors"},"content":{"rendered":"<div data-elementor-type=\"wp-page\" data-elementor-id=\"128\" class=\"elementor elementor-128\" data-elementor-post-type=\"page\">\n\t\t\t\t<div class=\"elementor-element elementor-element-403587e e-flex e-con-boxed e-con e-parent\" data-id=\"403587e\" data-element_type=\"container\" data-e-type=\"container\" data-settings=\"{&quot;background_background&quot;:&quot;classic&quot;}\">\n\t\t\t\t\t<div class=\"e-con-inner\">\n\t\t\t\t<div class=\"elementor-element elementor-element-48dcddc elementor-widget elementor-widget-heading\" data-id=\"48dcddc\" data-element_type=\"widget\" data-e-type=\"widget\" data-widget_type=\"heading.default\">\n\t\t\t\t\t<h2 class=\"elementor-heading-title elementor-size-default\">Inverstors<\/h2>\t\t\t\t<\/div>\n\t\t\t\t\t<\/div>\n\t\t\t\t<\/div>\n\t\t<div class=\"elementor-element elementor-element-69b83c8 e-flex e-con-boxed e-con e-parent\" data-id=\"69b83c8\" data-element_type=\"container\" data-e-type=\"container\">\n\t\t\t\t\t<div class=\"e-con-inner\">\n\t\t\t\t<div class=\"elementor-element elementor-element-bf3ca49 elementor-widget elementor-widget-text-editor\" data-id=\"bf3ca49\" data-element_type=\"widget\" data-e-type=\"widget\" data-widget_type=\"text-editor.default\">\n\t\t\t\t\t\t\t\t\t<p>In accordance with Resolution No. 020-2016-SMV\/01, the following information is available here<\/p>\t\t\t\t\t\t\t\t<\/div>\n\t\t\t\t\t<\/div>\n\t\t\t\t<\/div>\n\t\t<div class=\"elementor-element elementor-element-dfe7a21 e-flex e-con-boxed e-con e-parent\" data-id=\"dfe7a21\" data-element_type=\"container\" data-e-type=\"container\" data-settings=\"{&quot;background_background&quot;:&quot;classic&quot;,&quot;shape_divider_bottom&quot;:&quot;triangle&quot;,&quot;shape_divider_bottom_negative&quot;:&quot;yes&quot;}\">\n\t\t\t\t\t<div class=\"e-con-inner\">\n\t\t\t\t<div class=\"elementor-shape elementor-shape-bottom\" aria-hidden=\"true\" data-negative=\"true\">\n\t\t\t<svg xmlns=\"http:\/\/www.w3.org\/2000\/svg\" viewbox=\"0 0 1000 100\" preserveaspectratio=\"none\">\n\t<path class=\"elementor-shape-fill\" d=\"M500.2,94.7L0,0v100h1000V0L500.2,94.7z\"\/>\n<\/svg>\t\t<\/div>\n\t\t\t\t<div class=\"elementor-element elementor-element-a7275df elementor-widget elementor-widget-heading\" data-id=\"a7275df\" data-element_type=\"widget\" data-e-type=\"widget\" data-widget_type=\"heading.default\">\n\t\t\t\t\t<h2 class=\"elementor-heading-title elementor-size-default\">- AUDITED ANNUAL INDIVIDUAL FINANCIAL INFORMATION<\/h2>\t\t\t\t<\/div>\n\t\t\t\t<div class=\"elementor-element elementor-element-4e70139 elementor-widget elementor-widget-heading\" data-id=\"4e70139\" data-element_type=\"widget\" data-e-type=\"widget\" data-widget_type=\"heading.default\">\n\t\t\t\t\t<h2 class=\"elementor-heading-title elementor-size-default\">- AUDITED ANNUAL CONSOLIDATED FINANCIAL INFORMATION CIF APPLICABLE)<\/h2>\t\t\t\t<\/div>\n\t\t\t\t<div class=\"elementor-element elementor-element-d1c5e70 elementor-widget elementor-widget-heading\" data-id=\"d1c5e70\" data-element_type=\"widget\" data-e-type=\"widget\" data-widget_type=\"heading.default\">\n\t\t\t\t\t<h2 class=\"elementor-heading-title elementor-size-default\">- INTERIM INDIVIDUAL FINANCIAL INFORMATION<\/h2>\t\t\t\t<\/div>\n\t\t\t\t<div class=\"elementor-element elementor-element-f08c8c8 elementor-widget elementor-widget-heading\" data-id=\"f08c8c8\" data-element_type=\"widget\" data-e-type=\"widget\" data-widget_type=\"heading.default\">\n\t\t\t\t\t<h2 class=\"elementor-heading-title elementor-size-default\">- INTERIM CONSOLIDATED FINANCIAL INFORMATION CIF APPLICABLE)<\/h2>\t\t\t\t<\/div>\n\t\t\t\t<div class=\"elementor-element elementor-element-143f1c7 elementor-widget elementor-widget-heading\" data-id=\"143f1c7\" data-element_type=\"widget\" data-e-type=\"widget\" data-widget_type=\"heading.default\">\n\t\t\t\t\t<h2 class=\"elementor-heading-title elementor-size-default\">- ANNUAL REPORT<\/h2>\t\t\t\t<\/div>\n\t\t\t\t<div class=\"elementor-element elementor-element-bc89f0d elementor-widget elementor-widget-heading\" data-id=\"bc89f0d\" data-element_type=\"widget\" data-e-type=\"widget\" data-widget_type=\"heading.default\">\n\t\t\t\t\t<h2 class=\"elementor-heading-title elementor-size-default\">- RELEVANT UPDATES<\/h2>\t\t\t\t<\/div>\n\t\t\t\t\t<\/div>\n\t\t\t\t<\/div>\n\t\t<div class=\"elementor-element elementor-element-249f4f6 e-flex e-con-boxed e-con e-parent\" data-id=\"249f4f6\" data-element_type=\"container\" data-e-type=\"container\">\n\t\t\t\t\t<div class=\"e-con-inner\">\n\t\t\t\t<div class=\"elementor-element elementor-element-ae244f4 elementor-widget elementor-widget-text-editor\" data-id=\"ae244f4\" data-element_type=\"widget\" data-e-type=\"widget\" data-widget_type=\"text-editor.default\">\n\t\t\t\t\t\t\t\t\t<p>Below you can find the direct access links:<\/p>\t\t\t\t\t\t\t\t<\/div>\n\t\t<div class=\"elementor-element elementor-element-ebb80de e-grid e-con-boxed e-con e-child\" data-id=\"ebb80de\" data-element_type=\"container\" data-e-type=\"container\">\n\t\t\t\t\t<div class=\"e-con-inner\">\n\t\t\t\t<div class=\"elementor-element elementor-element-7f113a9 elementor-align-justify elementor-widget elementor-widget-button\" data-id=\"7f113a9\" data-element_type=\"widget\" data-e-type=\"widget\" data-widget_type=\"button.default\">\n\t\t\t\t\t\t\t\t\t\t<a class=\"elementor-button elementor-button-link elementor-size-sm\" href=\"https:\/\/www.smv.gob.pe\/SIMV\/Default.aspx\">\n\t\t\t\t\t\t<span class=\"elementor-button-content-wrapper\">\n\t\t\t\t\t\t\t\t\t<span class=\"elementor-button-text\">Important Facts<\/span>\n\t\t\t\t\t<\/span>\n\t\t\t\t\t<\/a>\n\t\t\t\t\t\t\t\t<\/div>\n\t\t\t\t<div class=\"elementor-element elementor-element-fd1166a elementor-align-justify elementor-widget elementor-widget-button\" data-id=\"fd1166a\" data-element_type=\"widget\" data-e-type=\"widget\" data-widget_type=\"button.default\">\n\t\t\t\t\t\t\t\t\t\t<a class=\"elementor-button elementor-button-link elementor-size-sm\" href=\"https:\/\/drive.google.com\/drive\/folders\/1tgzhlVUXsd8X7ctq3H3ZAmEXSJX7uB4f?usp=sharing\">\n\t\t\t\t\t\t<span class=\"elementor-button-content-wrapper\">\n\t\t\t\t\t\t\t\t\t<span class=\"elementor-button-text\">Financial Information<\/span>\n\t\t\t\t\t<\/span>\n\t\t\t\t\t<\/a>\n\t\t\t\t\t\t\t\t<\/div>\n\t\t\t\t<div class=\"elementor-element elementor-element-0fa7bab elementor-align-justify elementor-widget elementor-widget-button\" data-id=\"0fa7bab\" data-element_type=\"widget\" data-e-type=\"widget\" data-widget_type=\"button.default\">\n\t\t\t\t\t\t\t\t\t\t<a class=\"elementor-button elementor-button-link elementor-size-sm\" href=\"https:\/\/drive.google.com\/drive\/folders\/1I8Q-6ApgPv-la6996iaJZVKmfxLcFLND?usp=sharing\">\n\t\t\t\t\t\t<span class=\"elementor-button-content-wrapper\">\n\t\t\t\t\t\t\t\t\t<span class=\"elementor-button-text\">Memoirs<\/span>\n\t\t\t\t\t<\/span>\n\t\t\t\t\t<\/a>\n\t\t\t\t\t\t\t\t<\/div>\n\t\t\t\t\t<\/div>\n\t\t\t\t<\/div>\n\t\t\t\t<div class=\"elementor-element elementor-element-8cedafe elementor-widget elementor-widget-text-editor\" data-id=\"8cedafe\" data-element_type=\"widget\" data-e-type=\"widget\" data-widget_type=\"text-editor.default\">\n\t\t\t\t\t\t\t\t\t<p>On the other hand, below you will find the dividend policy:<\/p>\t\t\t\t\t\t\t\t<\/div>\n\t\t<div class=\"elementor-element elementor-element-dac5084 e-grid e-con-boxed e-con e-child\" data-id=\"dac5084\" data-element_type=\"container\" data-e-type=\"container\">\n\t\t\t\t\t<div class=\"e-con-inner\">\n\t\t\t\t<div class=\"elementor-element elementor-element-3085171 elementor-widget elementor-widget-spacer\" data-id=\"3085171\" data-element_type=\"widget\" data-e-type=\"widget\" data-widget_type=\"spacer.default\">\n\t\t\t\t\t\t\t<div class=\"elementor-spacer\">\n\t\t\t<div class=\"elementor-spacer-inner\"><\/div>\n\t\t<\/div>\n\t\t\t\t\t\t<\/div>\n\t\t\t\t<div class=\"elementor-element elementor-element-ea8aacd elementor-align-justify elementor-widget elementor-widget-button\" data-id=\"ea8aacd\" data-element_type=\"widget\" data-e-type=\"widget\" data-widget_type=\"button.default\">\n\t\t\t\t\t\t\t\t\t\t<a class=\"elementor-button elementor-button-link elementor-size-sm\" href=\"https:\/\/drive.google.com\/drive\/folders\/13Z1FxuHwAj5pCekMxEF3IVY9n3_1LPla?usp=drive_link\">\n\t\t\t\t\t\t<span class=\"elementor-button-content-wrapper\">\n\t\t\t\t\t\t\t\t\t<span class=\"elementor-button-text\">Dividend Policy<\/span>\n\t\t\t\t\t<\/span>\n\t\t\t\t\t<\/a>\n\t\t\t\t\t\t\t\t<\/div>\n\t\t\t\t<div class=\"elementor-element elementor-element-4ffea0f elementor-widget elementor-widget-spacer\" data-id=\"4ffea0f\" data-element_type=\"widget\" data-e-type=\"widget\" data-widget_type=\"spacer.default\">\n\t\t\t\t\t\t\t<div class=\"elementor-spacer\">\n\t\t\t<div class=\"elementor-spacer-inner\"><\/div>\n\t\t<\/div>\n\t\t\t\t\t\t<\/div>\n\t\t\t\t\t<\/div>\n\t\t\t\t<\/div>\n\t\t\t\t<div class=\"elementor-element elementor-element-ab44ea0 elementor-widget elementor-widget-text-editor\" data-id=\"ab44ea0\" data-element_type=\"widget\" data-e-type=\"widget\" data-widget_type=\"text-editor.default\">\n\t\t\t\t\t\t\t\t\t<p class=\"translation-block\"><span class=\"visible\">The English Translation for the Relevant Information Communications reported to SMV can be found <a href=\"https:\/\/drive.google.com\/drive\/folders\/1HhR1k-SIcn7rzHHJLTxn65m2MN9N86s7?usp=drive_link\" target=\"_self\">here<\/a><\/span><\/p><p class=\"translation-block\">The list of shareholders that to date have not claimed their shares representing is detailed <a href=\"https:\/\/drive.google.com\/drive\/folders\/1O5EukILAfyoXH4MUjQnWzWeQ9SvcNu2S\" target=\"_self\">here<\/a><\/p><p class=\"translation-block\">For any complaint you can use the ethical line located in the following <a href=\"https:\/\/www.cementospacasmayo.com.pe\/canal-de-inquietudes-y-denuncias\/registre-su-denuncia\" target=\"_self\">link<\/a><\/p><p class=\"translation-block\">General Shareholders\u2019 Meeting <a href=\"https:\/\/drive.google.com\/drive\/folders\/1HnMzfwpFRczPU-Flo70-ORSAt8u-qeer\" target=\"_self\">link<\/a><\/p><p class=\"translation-block\">Privacy Policy <a href=\"https:\/\/drive.google.com\/drive\/folders\/1sbQSWT7AAHjyOOqV8MRa4DaU0rXd-69_\" target=\"_self\">link<\/a><\/p><p class=\"translation-block\">Cookies Policy <a href=\"https:\/\/drive.google.com\/drive\/folders\/1EZaKc75nHDtUki2wnGTHqM8hXJXGl3z7?usp=drive_link\" target=\"_self\">link<\/a><\/p><p class=\"translation-block\">ARCO Rights Form <a href=\"https:\/\/drive.google.com\/drive\/folders\/1KcA7d1rKhqZXl2VhetKy4RsiCz2DoSQA\" target=\"_self\">link<\/a><\/p><p class=\"translation-block\">Fossal Statute <a href=\"https:\/\/www.fossal.pe\/wp-content\/uploads\/2023\/12\/ESTATUTO-FOSSAL-VF.pdf\" target=\"_self\">link<\/a><\/p><p>SMV and BVL Announcements <a href=\"https:\/\/drive.google.com\/drive\/folders\/1iFXCyXZs-s8E5jFS2KqoJCXbbcEdhTOD\">link<\/a><\/p><p>Policies, Procedures and Compliance <a href=\"https:\/\/drive.google.com\/drive\/folders\/1PyYshmE1dScMaLZGYiJ510ibXlvfqa8a?usp=sharing\">aqui<\/a><\/p>\t\t\t\t\t\t\t\t<\/div>\n\t\t\t\t\t<\/div>\n\t\t\t\t<\/div>\n\t\t\t\t<\/div>","protected":false},"excerpt":{"rendered":"<p>Inversionistas De conformidad con la Resoluci\u00f3n No. 020-2016-SMV\/01, la siguiente informaci\u00f3n se encuentra disponible aqu\u00ed &#8211; INFORMACI\u00d3N FINANCIERA ANUAL AUDITADA INDIVIDUAL &#8211; INFORMACI\u00d3N FINANCIERA ANUAL AUDITADA CONSOLIDADA (DE SER EL CASO) &#8211; INFORMACI\u00d3N FINANCIERA INTERMEDIA INDIVIDUAL &#8211; INFORMACI\u00d3N FINANCIERA INTERMEDIA CONSOLIDADA (DE SER EL CASO) &#8211; MEMORIA ANUAL &#8211; HECHOS DE IMPORTANCIA Adem\u00e1s, abajo podr\u00e1n [&hellip;]<\/p>\n","protected":false},"author":1,"featured_media":0,"parent":0,"menu_order":0,"comment_status":"closed","ping_status":"closed","template":"","meta":{"footnotes":""},"class_list":["post-128","page","type-page","status-publish","hentry"],"_links":{"self":[{"href":"https:\/\/www.fosfatosdelpacifico.pe\/en\/wp-json\/wp\/v2\/pages\/128","targetHints":{"allow":["GET"]}}],"collection":[{"href":"https:\/\/www.fosfatosdelpacifico.pe\/en\/wp-json\/wp\/v2\/pages"}],"about":[{"href":"https:\/\/www.fosfatosdelpacifico.pe\/en\/wp-json\/wp\/v2\/types\/page"}],"author":[{"embeddable":true,"href":"https:\/\/www.fosfatosdelpacifico.pe\/en\/wp-json\/wp\/v2\/users\/1"}],"replies":[{"embeddable":true,"href":"https:\/\/www.fosfatosdelpacifico.pe\/en\/wp-json\/wp\/v2\/comments?post=128"}],"version-history":[{"count":58,"href":"https:\/\/www.fosfatosdelpacifico.pe\/en\/wp-json\/wp\/v2\/pages\/128\/revisions"}],"predecessor-version":[{"id":271,"href":"https:\/\/www.fosfatosdelpacifico.pe\/en\/wp-json\/wp\/v2\/pages\/128\/revisions\/271"}],"wp:attachment":[{"href":"https:\/\/www.fosfatosdelpacifico.pe\/en\/wp-json\/wp\/v2\/media?parent=128"}],"curies":[{"name":"wp","href":"https:\/\/api.w.org\/{rel}","templated":true}]}}